{"id":441,"date":"2025-06-05T23:52:15","date_gmt":"2025-06-05T21:52:15","guid":{"rendered":"https:\/\/maresmescooterclub.cat\/socios\/"},"modified":"2025-06-06T00:19:40","modified_gmt":"2025-06-05T22:19:40","slug":"socios","status":"publish","type":"page","link":"https:\/\/maresmescooterclub.cat\/es\/socios\/","title":{"rendered":"Hazte socio"},"content":{"rendered":"\t\t<div data-elementor-type=\"wp-page\" data-elementor-id=\"441\" class=\"elementor elementor-441 elementor-429\">\n\t\t\t\t<div class=\"elementor-element elementor-element-1629aa4 e-flex e-con-boxed e-con e-parent\" data-id=\"1629aa4\" data-element_type=\"container\" data-e-type=\"container\" data-settings=\"{&quot;background_background&quot;:&quot;classic&quot;}\">\n\t\t\t\t\t<div class=\"e-con-inner\">\n\t\t\t\t<div class=\"elementor-element elementor-element-ee9d366 elementor-widget elementor-widget-heading\" data-id=\"ee9d366\" data-element_type=\"widget\" data-e-type=\"widget\" data-widget_type=\"heading.default\">\n\t\t\t\t<div class=\"elementor-widget-container\">\n\t\t\t\t\t<h1 class=\"elementor-heading-title elementor-size-default\">Hazte socio<\/h1>\t\t\t\t<\/div>\n\t\t\t\t<\/div>\n\t\t\t\t\t<\/div>\n\t\t\t\t<\/div>\n\t\t\t\t<section class=\"elementor-section elementor-top-section elementor-element elementor-element-a85fc7d elementor-section-boxed elementor-section-height-default elementor-section-height-default\" data-id=\"a85fc7d\" data-element_type=\"section\" data-e-type=\"section\">\n\t\t\t\t\t\t<div class=\"elementor-container elementor-column-gap-default\">\n\t\t\t\t\t<div class=\"elementor-column elementor-col-100 elementor-top-column elementor-element elementor-element-c5065f8\" data-id=\"c5065f8\" data-element_type=\"column\" data-e-type=\"column\">\n\t\t\t<div class=\"elementor-widget-wrap elementor-element-populated\">\n\t\t\t\t\t\t<div class=\"elementor-element elementor-element-e366dd1 elementor-widget elementor-widget-text-editor\" data-id=\"e366dd1\" data-element_type=\"widget\" data-e-type=\"widget\" data-widget_type=\"text-editor.default\">\n\t\t\t\t<div class=\"elementor-widget-container\">\n\t\t\t\t\t\t\t\t\t<p>Forma parte de nuestra comunidad y vive la experiencia completa: rutas organizadas, quedadas moteras, escapadas a Vespa y mucho m\u00e1s. \u00a1No te lo pienses m\u00e1s, \u00fanete y empieza a rodar con nosotros!<\/p>\t\t\t\t\t\t\t\t<\/div>\n\t\t\t\t<\/div>\n\t\t\t\t\t<\/div>\n\t\t<\/div>\n\t\t\t\t\t<\/div>\n\t\t<\/section>\n\t\t<div class=\"elementor-element elementor-element-a9e0d05 e-con-full e-flex e-con e-parent\" data-id=\"a9e0d05\" data-element_type=\"container\" data-e-type=\"container\" data-settings=\"{&quot;background_background&quot;:&quot;classic&quot;}\">\n\t\t<div class=\"elementor-element elementor-element-61bda35 e-con-full e-flex e-con e-child\" data-id=\"61bda35\" data-element_type=\"container\" data-e-type=\"container\">\n\t\t\t\t<div class=\"elementor-element elementor-element-91c5b4b elementor-widget elementor-widget-heading\" data-id=\"91c5b4b\" data-element_type=\"widget\" data-e-type=\"widget\" data-widget_type=\"heading.default\">\n\t\t\t\t<div class=\"elementor-widget-container\">\n\t\t\t\t\t<h2 class=\"elementor-heading-title elementor-size-default\">Fases Inscripci\u00f3n<\/h2>\t\t\t\t<\/div>\n\t\t\t\t<\/div>\n\t\t\t\t<div class=\"elementor-element elementor-element-5689f74 elementor-widget elementor-widget-text-editor\" data-id=\"5689f74\" data-element_type=\"widget\" data-e-type=\"widget\" data-widget_type=\"text-editor.default\">\n\t\t\t\t<div class=\"elementor-widget-container\">\n\t\t\t\t\t\t\t\t\t<ul><li>La inscripci\u00f3n consiste en estar vinculado al Maresme Scooter Club. El precio incluye un pack de bienvenida y ventajas de las posibles promociones que se vayan creando. 25\u20ac anuales.<\/li><li>Realizar una transferencia de 25\u20ac a nombre de Asociaci\u00f3n Maresme Scooter Club a Banco Sabadell: ES47 0081 0084 1100 0225 5237<\/li><li>Enviar comprobante de la transferencia a: <a class=\"cursor-pointer\" href=\"mailto:maresmescooterclub@gmail.com\" rel=\"noopener\" data-start=\"368\" data-end=\"396\" data-is-only-node=\"\">maresmescooterclub@gmail.com<\/a> o al n\u00famero de tel\u00e9fono 647 183 105.<br><br><\/li><\/ul>\t\t\t\t\t\t\t\t<\/div>\n\t\t\t\t<\/div>\n\t\t\t\t<div class=\"elementor-element elementor-element-a3a7f6c elementor-mobile-align-center elementor-align-center elementor-widget elementor-widget-button\" data-id=\"a3a7f6c\" data-element_type=\"widget\" data-e-type=\"widget\" data-widget_type=\"button.default\">\n\t\t\t\t<div class=\"elementor-widget-container\">\n\t\t\t\t\t\t\t\t\t<div class=\"elementor-button-wrapper\">\n\t\t\t\t\t<a class=\"elementor-button elementor-button-link elementor-size-sm\" href=\"https:\/\/docs.google.com\/forms\/d\/11jloc5vta3VJ9IxFQ8QMpgvqv17S7Z3d0Qc1E4-M4Ns\/edit\" target=\"_blank\">\n\t\t\t\t\t\t<span class=\"elementor-button-content-wrapper\">\n\t\t\t\t\t\t\t\t\t<span class=\"elementor-button-text\">\u00danete a m\u00ed<\/span>\n\t\t\t\t\t<\/span>\n\t\t\t\t\t<\/a>\n\t\t\t\t<\/div>\n\t\t\t\t\t\t\t\t<\/div>\n\t\t\t\t<\/div>\n\t\t\t\t<\/div>\n\t\t<div class=\"elementor-element elementor-element-60b6c52 e-con-full e-flex e-con e-child\" data-id=\"60b6c52\" data-element_type=\"container\" data-e-type=\"container\">\n\t\t\t\t<div class=\"elementor-element elementor-element-aeeb7ed elementor-widget elementor-widget-image\" data-id=\"aeeb7ed\" data-element_type=\"widget\" data-e-type=\"widget\" data-widget_type=\"image.default\">\n\t\t\t\t<div class=\"elementor-widget-container\">\n\t\t\t\t\t\t\t\t\t\t\t\t\t\t\t<img fetchpriority=\"high\" decoding=\"async\" width=\"800\" height=\"534\" src=\"https:\/\/maresmescooterclub.cat\/wp-content\/uploads\/2025\/06\/Vespeinados-44-scaled-1-1024x683.jpg\" class=\"attachment-large size-large wp-image-432\" alt=\"\" srcset=\"https:\/\/maresmescooterclub.cat\/wp-content\/uploads\/2025\/06\/Vespeinados-44-scaled-1-1024x683.jpg 1024w, https:\/\/maresmescooterclub.cat\/wp-content\/uploads\/2025\/06\/Vespeinados-44-scaled-1-300x200.jpg 300w, https:\/\/maresmescooterclub.cat\/wp-content\/uploads\/2025\/06\/Vespeinados-44-scaled-1-768x512.jpg 768w, https:\/\/maresmescooterclub.cat\/wp-content\/uploads\/2025\/06\/Vespeinados-44-scaled-1-1536x1024.jpg 1536w, https:\/\/maresmescooterclub.cat\/wp-content\/uploads\/2025\/06\/Vespeinados-44-scaled-1-2048x1366.jpg 2048w\" sizes=\"(max-width: 800px) 100vw, 800px\" \/>\t\t\t\t\t\t\t\t\t\t\t\t\t\t\t<\/div>\n\t\t\t\t<\/div>\n\t\t\t\t<\/div>\n\t\t\t\t<\/div>\n\t\t<div class=\"elementor-element elementor-element-43661ab e-con-full e-flex e-con e-parent\" data-id=\"43661ab\" data-element_type=\"container\" data-e-type=\"container\" data-settings=\"{&quot;background_background&quot;:&quot;classic&quot;}\">\n\t\t<div class=\"elementor-element elementor-element-5c4ec55 e-con-full e-flex e-con e-child\" data-id=\"5c4ec55\" data-element_type=\"container\" data-e-type=\"container\">\n\t\t\t\t<div class=\"elementor-element elementor-element-07959c3 elementor-widget elementor-widget-heading\" data-id=\"07959c3\" data-element_type=\"widget\" data-e-type=\"widget\" data-widget_type=\"heading.default\">\n\t\t\t\t<div class=\"elementor-widget-container\">\n\t\t\t\t\t<h2 class=\"elementor-heading-title elementor-size-default\">Datos de la asociaci\u00f3n<\/h2>\t\t\t\t<\/div>\n\t\t\t\t<\/div>\n\t\t\t\t<div class=\"elementor-element elementor-element-c141513 elementor-widget elementor-widget-text-editor\" data-id=\"c141513\" data-element_type=\"widget\" data-e-type=\"widget\" data-widget_type=\"text-editor.default\">\n\t\t\t\t<div class=\"elementor-widget-container\">\n\t\t\t\t\t\t\t\t\t<p>ASOCIACI\u00d3N MARESME SCOOTER CLU CL ADUANA 63 08340 VILASSAR DE MAR NIF: G19916915<\/p>\t\t\t\t\t\t\t\t<\/div>\n\t\t\t\t<\/div>\n\t\t\t\t<\/div>\n\t\t<div class=\"elementor-element elementor-element-c4aaba0 e-con-full e-flex e-con e-child\" data-id=\"c4aaba0\" data-element_type=\"container\" data-e-type=\"container\">\n\t\t\t\t<div class=\"elementor-element elementor-element-0c2af21 elementor-widget elementor-widget-image\" data-id=\"0c2af21\" data-element_type=\"widget\" data-e-type=\"widget\" data-widget_type=\"image.default\">\n\t\t\t\t<div class=\"elementor-widget-container\">\n\t\t\t\t\t\t\t\t\t\t\t\t\t\t\t<img decoding=\"async\" width=\"512\" height=\"512\" src=\"https:\/\/maresmescooterclub.cat\/wp-content\/uploads\/2025\/06\/cropped-logo-bg_white.jpg\" class=\"attachment-2048x2048 size-2048x2048 wp-image-434\" alt=\"\" srcset=\"https:\/\/maresmescooterclub.cat\/wp-content\/uploads\/2025\/06\/cropped-logo-bg_white.jpg 512w, https:\/\/maresmescooterclub.cat\/wp-content\/uploads\/2025\/06\/cropped-logo-bg_white-300x300.jpg 300w, https:\/\/maresmescooterclub.cat\/wp-content\/uploads\/2025\/06\/cropped-logo-bg_white-150x150.jpg 150w\" sizes=\"(max-width: 512px) 100vw, 512px\" \/>\t\t\t\t\t\t\t\t\t\t\t\t\t\t\t<\/div>\n\t\t\t\t<\/div>\n\t\t\t\t<\/div>\n\t\t\t\t<\/div>\n\t\t<div class=\"elementor-element elementor-element-21a8837 e-flex e-con-boxed e-con e-parent\" data-id=\"21a8837\" data-element_type=\"container\" data-e-type=\"container\" data-settings=\"{&quot;background_background&quot;:&quot;classic&quot;}\">\n\t\t\t\t\t<div class=\"e-con-inner\">\n\t\t\t\t<div class=\"elementor-element elementor-element-c13bcce elementor-widget elementor-widget-heading\" data-id=\"c13bcce\" data-element_type=\"widget\" data-e-type=\"widget\" data-widget_type=\"heading.default\">\n\t\t\t\t<div class=\"elementor-widget-container\">\n\t\t\t\t\t<p class=\"elementor-heading-title elementor-size-default\">Maresme Scooter Club<\/p>\t\t\t\t<\/div>\n\t\t\t\t<\/div>\n\t\t\t\t\t<\/div>\n\t\t\t\t<\/div>\n\t\t\t\t<\/div>\n\t\t","protected":false},"excerpt":{"rendered":"<p>Hazte socio Forma parte de nuestra comunidad y vive la experiencia completa: rutas organizadas, quedadas moteras, escapadas a Vespa y mucho m\u00e1s. \u00a1No te lo pienses m\u00e1s, \u00fanete y empieza a rodar con nosotros! Fases Inscripci\u00f3n La inscripci\u00f3n consiste en estar vinculado al Maresme Scooter Club. El precio incluye un pack de bienvenida y ventajas [&hellip;]<\/p>\n","protected":false},"author":1,"featured_media":0,"parent":0,"menu_order":0,"comment_status":"closed","ping_status":"closed","template":"","meta":{"footnotes":""},"class_list":["post-441","page","type-page","status-publish","hentry"],"yoast_head":"<!-- This site is optimized with the Yoast SEO plugin v27.1.1 - https:\/\/yoast.com\/product\/yoast-seo-wordpress\/ -->\n<title>Hazte socio - Maresme Scooter Club<\/title>\n<meta name=\"robots\" content=\"index, follow, max-snippet:-1, max-image-preview:large, max-video-preview:-1\" \/>\n<link rel=\"canonical\" href=\"https:\/\/maresmescooterclub.cat\/es\/socios\/\" \/>\n<meta property=\"og:locale\" content=\"es_ES\" \/>\n<meta property=\"og:type\" content=\"article\" \/>\n<meta property=\"og:title\" content=\"Hazte socio - Maresme Scooter Club\" \/>\n<meta property=\"og:description\" content=\"Hazte socio Forma parte de nuestra comunidad y vive la experiencia completa: rutas organizadas, quedadas moteras, escapadas a Vespa y mucho m\u00e1s. \u00a1No te lo pienses m\u00e1s, \u00fanete y empieza a rodar con nosotros! Fases Inscripci\u00f3n La inscripci\u00f3n consiste en estar vinculado al Maresme Scooter Club. El precio incluye un pack de bienvenida y ventajas [&hellip;]\" \/>\n<meta property=\"og:url\" content=\"https:\/\/maresmescooterclub.cat\/es\/socios\/\" \/>\n<meta property=\"og:site_name\" content=\"Maresme Scooter Club\" \/>\n<meta property=\"article:modified_time\" content=\"2025-06-05T22:19:40+00:00\" \/>\n<meta property=\"og:image\" content=\"https:\/\/maresmescooterclub.cat\/wp-content\/uploads\/2025\/06\/Vespeinados-44-scaled-1-1024x683.jpg\" \/>\n<meta name=\"twitter:card\" content=\"summary_large_image\" \/>\n<meta name=\"twitter:label1\" content=\"Tiempo de lectura\" \/>\n\t<meta name=\"twitter:data1\" content=\"1 minuto\" \/>\n<script type=\"application\/ld+json\" class=\"yoast-schema-graph\">{\"@context\":\"https:\/\/schema.org\",\"@graph\":[{\"@type\":\"WebPage\",\"@id\":\"https:\/\/maresmescooterclub.cat\/es\/socios\/\",\"url\":\"https:\/\/maresmescooterclub.cat\/es\/socios\/\",\"name\":\"Hazte socio - Maresme Scooter Club\",\"isPartOf\":{\"@id\":\"https:\/\/maresmescooterclub.cat\/es\/#website\"},\"primaryImageOfPage\":{\"@id\":\"https:\/\/maresmescooterclub.cat\/es\/socios\/#primaryimage\"},\"image\":{\"@id\":\"https:\/\/maresmescooterclub.cat\/es\/socios\/#primaryimage\"},\"thumbnailUrl\":\"https:\/\/maresmescooterclub.cat\/wp-content\/uploads\/2025\/06\/Vespeinados-44-scaled-1-1024x683.jpg\",\"datePublished\":\"2025-06-05T21:52:15+00:00\",\"dateModified\":\"2025-06-05T22:19:40+00:00\",\"breadcrumb\":{\"@id\":\"https:\/\/maresmescooterclub.cat\/es\/socios\/#breadcrumb\"},\"inLanguage\":\"es\",\"potentialAction\":[{\"@type\":\"ReadAction\",\"target\":[\"https:\/\/maresmescooterclub.cat\/es\/socios\/\"]}]},{\"@type\":\"ImageObject\",\"inLanguage\":\"es\",\"@id\":\"https:\/\/maresmescooterclub.cat\/es\/socios\/#primaryimage\",\"url\":\"https:\/\/maresmescooterclub.cat\/wp-content\/uploads\/2025\/06\/Vespeinados-44-scaled-1-1024x683.jpg\",\"contentUrl\":\"https:\/\/maresmescooterclub.cat\/wp-content\/uploads\/2025\/06\/Vespeinados-44-scaled-1-1024x683.jpg\"},{\"@type\":\"BreadcrumbList\",\"@id\":\"https:\/\/maresmescooterclub.cat\/es\/socios\/#breadcrumb\",\"itemListElement\":[{\"@type\":\"ListItem\",\"position\":1,\"name\":\"Portada\",\"item\":\"https:\/\/maresmescooterclub.cat\/es\/\"},{\"@type\":\"ListItem\",\"position\":2,\"name\":\"Hazte socio\"}]},{\"@type\":\"WebSite\",\"@id\":\"https:\/\/maresmescooterclub.cat\/es\/#website\",\"url\":\"https:\/\/maresmescooterclub.cat\/es\/\",\"name\":\"Maresme Scooter Club\",\"description\":\"Maresme Scooter Club\",\"publisher\":{\"@id\":\"https:\/\/maresmescooterclub.cat\/es\/#organization\"},\"potentialAction\":[{\"@type\":\"SearchAction\",\"target\":{\"@type\":\"EntryPoint\",\"urlTemplate\":\"https:\/\/maresmescooterclub.cat\/es\/?s={search_term_string}\"},\"query-input\":{\"@type\":\"PropertyValueSpecification\",\"valueRequired\":true,\"valueName\":\"search_term_string\"}}],\"inLanguage\":\"es\"},{\"@type\":\"Organization\",\"@id\":\"https:\/\/maresmescooterclub.cat\/es\/#organization\",\"name\":\"Maresme Scooter Club\",\"url\":\"https:\/\/maresmescooterclub.cat\/es\/\",\"logo\":{\"@type\":\"ImageObject\",\"inLanguage\":\"es\",\"@id\":\"https:\/\/maresmescooterclub.cat\/es\/#\/schema\/logo\/image\/\",\"url\":\"https:\/\/maresmescooterclub.cat\/wp-content\/uploads\/2025\/04\/logo-bg_black.jpg\",\"contentUrl\":\"https:\/\/maresmescooterclub.cat\/wp-content\/uploads\/2025\/04\/logo-bg_black.jpg\",\"width\":319,\"height\":324,\"caption\":\"Maresme Scooter Club\"},\"image\":{\"@id\":\"https:\/\/maresmescooterclub.cat\/es\/#\/schema\/logo\/image\/\"}}]}<\/script>\n<!-- \/ Yoast SEO plugin. -->","yoast_head_json":{"title":"Hazte socio - Maresme Scooter Club","robots":{"index":"index","follow":"follow","max-snippet":"max-snippet:-1","max-image-preview":"max-image-preview:large","max-video-preview":"max-video-preview:-1"},"canonical":"https:\/\/maresmescooterclub.cat\/es\/socios\/","og_locale":"es_ES","og_type":"article","og_title":"Hazte socio - Maresme Scooter Club","og_description":"Hazte socio Forma parte de nuestra comunidad y vive la experiencia completa: rutas organizadas, quedadas moteras, escapadas a Vespa y mucho m\u00e1s. \u00a1No te lo pienses m\u00e1s, \u00fanete y empieza a rodar con nosotros! Fases Inscripci\u00f3n La inscripci\u00f3n consiste en estar vinculado al Maresme Scooter Club. El precio incluye un pack de bienvenida y ventajas [&hellip;]","og_url":"https:\/\/maresmescooterclub.cat\/es\/socios\/","og_site_name":"Maresme Scooter Club","article_modified_time":"2025-06-05T22:19:40+00:00","og_image":[{"url":"https:\/\/maresmescooterclub.cat\/wp-content\/uploads\/2025\/06\/Vespeinados-44-scaled-1-1024x683.jpg","type":"","width":"","height":""}],"twitter_card":"summary_large_image","twitter_misc":{"Tiempo de lectura":"1 minuto"},"schema":{"@context":"https:\/\/schema.org","@graph":[{"@type":"WebPage","@id":"https:\/\/maresmescooterclub.cat\/es\/socios\/","url":"https:\/\/maresmescooterclub.cat\/es\/socios\/","name":"Hazte socio - Maresme Scooter Club","isPartOf":{"@id":"https:\/\/maresmescooterclub.cat\/es\/#website"},"primaryImageOfPage":{"@id":"https:\/\/maresmescooterclub.cat\/es\/socios\/#primaryimage"},"image":{"@id":"https:\/\/maresmescooterclub.cat\/es\/socios\/#primaryimage"},"thumbnailUrl":"https:\/\/maresmescooterclub.cat\/wp-content\/uploads\/2025\/06\/Vespeinados-44-scaled-1-1024x683.jpg","datePublished":"2025-06-05T21:52:15+00:00","dateModified":"2025-06-05T22:19:40+00:00","breadcrumb":{"@id":"https:\/\/maresmescooterclub.cat\/es\/socios\/#breadcrumb"},"inLanguage":"es","potentialAction":[{"@type":"ReadAction","target":["https:\/\/maresmescooterclub.cat\/es\/socios\/"]}]},{"@type":"ImageObject","inLanguage":"es","@id":"https:\/\/maresmescooterclub.cat\/es\/socios\/#primaryimage","url":"https:\/\/maresmescooterclub.cat\/wp-content\/uploads\/2025\/06\/Vespeinados-44-scaled-1-1024x683.jpg","contentUrl":"https:\/\/maresmescooterclub.cat\/wp-content\/uploads\/2025\/06\/Vespeinados-44-scaled-1-1024x683.jpg"},{"@type":"BreadcrumbList","@id":"https:\/\/maresmescooterclub.cat\/es\/socios\/#breadcrumb","itemListElement":[{"@type":"ListItem","position":1,"name":"Portada","item":"https:\/\/maresmescooterclub.cat\/es\/"},{"@type":"ListItem","position":2,"name":"Hazte socio"}]},{"@type":"WebSite","@id":"https:\/\/maresmescooterclub.cat\/es\/#website","url":"https:\/\/maresmescooterclub.cat\/es\/","name":"Maresme Scooter Club","description":"Maresme Scooter Club","publisher":{"@id":"https:\/\/maresmescooterclub.cat\/es\/#organization"},"potentialAction":[{"@type":"SearchAction","target":{"@type":"EntryPoint","urlTemplate":"https:\/\/maresmescooterclub.cat\/es\/?s={search_term_string}"},"query-input":{"@type":"PropertyValueSpecification","valueRequired":true,"valueName":"search_term_string"}}],"inLanguage":"es"},{"@type":"Organization","@id":"https:\/\/maresmescooterclub.cat\/es\/#organization","name":"Maresme Scooter Club","url":"https:\/\/maresmescooterclub.cat\/es\/","logo":{"@type":"ImageObject","inLanguage":"es","@id":"https:\/\/maresmescooterclub.cat\/es\/#\/schema\/logo\/image\/","url":"https:\/\/maresmescooterclub.cat\/wp-content\/uploads\/2025\/04\/logo-bg_black.jpg","contentUrl":"https:\/\/maresmescooterclub.cat\/wp-content\/uploads\/2025\/04\/logo-bg_black.jpg","width":319,"height":324,"caption":"Maresme Scooter Club"},"image":{"@id":"https:\/\/maresmescooterclub.cat\/es\/#\/schema\/logo\/image\/"}}]}},"_links":{"self":[{"href":"https:\/\/maresmescooterclub.cat\/es\/wp-json\/wp\/v2\/pages\/441","targetHints":{"allow":["GET"]}}],"collection":[{"href":"https:\/\/maresmescooterclub.cat\/es\/wp-json\/wp\/v2\/pages"}],"about":[{"href":"https:\/\/maresmescooterclub.cat\/es\/wp-json\/wp\/v2\/types\/page"}],"author":[{"embeddable":true,"href":"https:\/\/maresmescooterclub.cat\/es\/wp-json\/wp\/v2\/users\/1"}],"replies":[{"embeddable":true,"href":"https:\/\/maresmescooterclub.cat\/es\/wp-json\/wp\/v2\/comments?post=441"}],"version-history":[{"count":2,"href":"https:\/\/maresmescooterclub.cat\/es\/wp-json\/wp\/v2\/pages\/441\/revisions"}],"predecessor-version":[{"id":481,"href":"https:\/\/maresmescooterclub.cat\/es\/wp-json\/wp\/v2\/pages\/441\/revisions\/481"}],"wp:attachment":[{"href":"https:\/\/maresmescooterclub.cat\/es\/wp-json\/wp\/v2\/media?parent=441"}],"curies":[{"name":"wp","href":"https:\/\/api.w.org\/{rel}","templated":true}]}}