{"id":417,"date":"2025-06-05T23:46:12","date_gmt":"2025-06-05T21:46:12","guid":{"rendered":"https:\/\/maresmescooterclub.cat\/club\/"},"modified":"2025-06-13T10:06:49","modified_gmt":"2025-06-13T08:06:49","slug":"club","status":"publish","type":"page","link":"https:\/\/maresmescooterclub.cat\/es\/club\/","title":{"rendered":"El Club"},"content":{"rendered":"\t\t<div data-elementor-type=\"wp-page\" data-elementor-id=\"417\" class=\"elementor elementor-417 elementor-395\">\n\t\t\t\t<div class=\"elementor-element elementor-element-0174123 e-flex e-con-boxed e-con e-parent\" data-id=\"0174123\" data-element_type=\"container\" data-e-type=\"container\" data-settings=\"{&quot;background_background&quot;:&quot;classic&quot;}\">\n\t\t\t\t\t<div class=\"e-con-inner\">\n\t\t\t\t<div class=\"elementor-element elementor-element-cb713f1 elementor-widget elementor-widget-heading\" data-id=\"cb713f1\" data-element_type=\"widget\" data-e-type=\"widget\" data-widget_type=\"heading.default\">\n\t\t\t\t<div class=\"elementor-widget-container\">\n\t\t\t\t\t<h1 class=\"elementor-heading-title elementor-size-default\">El Club<\/h1>\t\t\t\t<\/div>\n\t\t\t\t<\/div>\n\t\t\t\t\t<\/div>\n\t\t\t\t<\/div>\n\t\t<div class=\"elementor-element elementor-element-a05b7ee e-con-full e-flex e-con e-parent\" data-id=\"a05b7ee\" data-element_type=\"container\" data-e-type=\"container\" data-settings=\"{&quot;background_background&quot;:&quot;classic&quot;}\">\n\t\t<div class=\"elementor-element elementor-element-504e81d e-con-full e-flex e-con e-child\" data-id=\"504e81d\" data-element_type=\"container\" data-e-type=\"container\">\n\t\t\t\t<div class=\"elementor-element elementor-element-d642564 elementor-widget elementor-widget-image\" data-id=\"d642564\" data-element_type=\"widget\" data-e-type=\"widget\" data-widget_type=\"image.default\">\n\t\t\t\t<div class=\"elementor-widget-container\">\n\t\t\t\t\t\t\t\t\t\t\t\t\t\t\t<img fetchpriority=\"high\" decoding=\"async\" width=\"800\" height=\"534\" src=\"https:\/\/maresmescooterclub.cat\/wp-content\/uploads\/2025\/06\/Vespeinados-164-1-scaled-1-1024x683.jpg\" class=\"attachment-large size-large wp-image-400\" alt=\"\" srcset=\"https:\/\/maresmescooterclub.cat\/wp-content\/uploads\/2025\/06\/Vespeinados-164-1-scaled-1-1024x683.jpg 1024w, https:\/\/maresmescooterclub.cat\/wp-content\/uploads\/2025\/06\/Vespeinados-164-1-scaled-1-300x200.jpg 300w, https:\/\/maresmescooterclub.cat\/wp-content\/uploads\/2025\/06\/Vespeinados-164-1-scaled-1-768x512.jpg 768w, https:\/\/maresmescooterclub.cat\/wp-content\/uploads\/2025\/06\/Vespeinados-164-1-scaled-1-1536x1024.jpg 1536w, https:\/\/maresmescooterclub.cat\/wp-content\/uploads\/2025\/06\/Vespeinados-164-1-scaled-1-2048x1366.jpg 2048w\" sizes=\"(max-width: 800px) 100vw, 800px\" \/>\t\t\t\t\t\t\t\t\t\t\t\t\t\t\t<\/div>\n\t\t\t\t<\/div>\n\t\t\t\t<\/div>\n\t\t<div class=\"elementor-element elementor-element-a754e24 e-con-full e-flex e-con e-child\" data-id=\"a754e24\" data-element_type=\"container\" data-e-type=\"container\">\n\t\t\t\t<div class=\"elementor-element elementor-element-56cf9c4 elementor-widget elementor-widget-heading\" data-id=\"56cf9c4\" data-element_type=\"widget\" data-e-type=\"widget\" data-widget_type=\"heading.default\">\n\t\t\t\t<div class=\"elementor-widget-container\">\n\t\t\t\t\t<h1 class=\"elementor-heading-title elementor-size-default\">Qui\u00e9nes somos<\/h1>\t\t\t\t<\/div>\n\t\t\t\t<\/div>\n\t\t\t\t<div class=\"elementor-element elementor-element-fe1e661 elementor-widget elementor-widget-text-editor\" data-id=\"fe1e661\" data-element_type=\"widget\" data-e-type=\"widget\" data-widget_type=\"text-editor.default\">\n\t\t\t\t<div class=\"elementor-widget-container\">\n\t\t\t\t\t\t\t\t\t<p><strong>Bienvenidos al Maresme Scooter Club<\/strong><br> Somos un grupo de apasionados por las Vespas y lambrettes cl\u00e1sicas que recorremos las carreteras del Maresme y m\u00e1s all\u00e1.<\/p>\t\t\t\t\t\t\t\t<\/div>\n\t\t\t\t<\/div>\n\t\t\t\t<\/div>\n\t\t\t\t<\/div>\n\t\t<div class=\"elementor-element elementor-element-b8f30cc e-con-full e-flex e-con e-parent\" data-id=\"b8f30cc\" data-element_type=\"container\" data-e-type=\"container\" data-settings=\"{&quot;background_background&quot;:&quot;classic&quot;}\">\n\t\t<div class=\"elementor-element elementor-element-9552901 e-con-full e-flex e-con e-child\" data-id=\"9552901\" data-element_type=\"container\" data-e-type=\"container\">\n\t\t\t\t<div class=\"elementor-element elementor-element-f5a3c5b elementor-widget elementor-widget-heading\" data-id=\"f5a3c5b\" data-element_type=\"widget\" data-e-type=\"widget\" data-widget_type=\"heading.default\">\n\t\t\t\t<div class=\"elementor-widget-container\">\n\t\t\t\t\t<h2 class=\"elementor-heading-title elementor-size-default\">Nuestro club<\/h2>\t\t\t\t<\/div>\n\t\t\t\t<\/div>\n\t\t\t\t<div class=\"elementor-element elementor-element-1ecdaaf elementor-widget elementor-widget-text-editor\" data-id=\"1ecdaaf\" data-element_type=\"widget\" data-e-type=\"widget\" data-widget_type=\"text-editor.default\">\n\t\t\t\t<div class=\"elementor-widget-container\">\n\t\t\t\t\t\t\t\t\t<p>Nos une el amor por las dos ruedas, la est\u00e9tica retro y el buen ambiente. Si te gustan las salidas, los desayunos de fin de semana y los encuentros llenos de gasolina y sonrisas\u2026 \u00a1este es tu lugar! <\/p>\t\t\t\t\t\t\t\t<\/div>\n\t\t\t\t<\/div>\n\t\t\t\t<\/div>\n\t\t<div class=\"elementor-element elementor-element-e107901 e-con-full e-flex e-con e-child\" data-id=\"e107901\" data-element_type=\"container\" data-e-type=\"container\">\n\t\t\t\t<div class=\"elementor-element elementor-element-237e7fb elementor-widget elementor-widget-image\" data-id=\"237e7fb\" data-element_type=\"widget\" data-e-type=\"widget\" data-widget_type=\"image.default\">\n\t\t\t\t<div class=\"elementor-widget-container\">\n\t\t\t\t\t\t\t\t\t\t\t\t\t\t\t<img decoding=\"async\" width=\"800\" height=\"534\" src=\"https:\/\/maresmescooterclub.cat\/wp-content\/uploads\/2025\/06\/Vespeinados-195-scaled-1-1024x683.jpg\" class=\"attachment-large size-large wp-image-402\" alt=\"\" srcset=\"https:\/\/maresmescooterclub.cat\/wp-content\/uploads\/2025\/06\/Vespeinados-195-scaled-1-1024x683.jpg 1024w, https:\/\/maresmescooterclub.cat\/wp-content\/uploads\/2025\/06\/Vespeinados-195-scaled-1-300x200.jpg 300w, https:\/\/maresmescooterclub.cat\/wp-content\/uploads\/2025\/06\/Vespeinados-195-scaled-1-768x512.jpg 768w, https:\/\/maresmescooterclub.cat\/wp-content\/uploads\/2025\/06\/Vespeinados-195-scaled-1-1536x1024.jpg 1536w, https:\/\/maresmescooterclub.cat\/wp-content\/uploads\/2025\/06\/Vespeinados-195-scaled-1-2048x1366.jpg 2048w\" sizes=\"(max-width: 800px) 100vw, 800px\" \/>\t\t\t\t\t\t\t\t\t\t\t\t\t\t\t<\/div>\n\t\t\t\t<\/div>\n\t\t\t\t<\/div>\n\t\t\t\t<\/div>\n\t\t<div class=\"elementor-element elementor-element-ea61557 e-con-full e-flex e-con e-parent\" data-id=\"ea61557\" data-element_type=\"container\" data-e-type=\"container\" data-settings=\"{&quot;background_background&quot;:&quot;classic&quot;}\">\n\t\t<div class=\"elementor-element elementor-element-2581cd7 e-con-full e-flex e-con e-child\" data-id=\"2581cd7\" data-element_type=\"container\" data-e-type=\"container\">\n\t\t\t\t<div class=\"elementor-element elementor-element-4ab36d0 elementor-widget elementor-widget-text-editor\" data-id=\"4ab36d0\" data-element_type=\"widget\" data-e-type=\"widget\" data-widget_type=\"text-editor.default\">\n\t\t\t\t<div class=\"elementor-widget-container\">\n\t\t\t\t\t\t\t\t\t<p>Con base en el Maresme, organizamos salidas, participamos en encuentros y mantenemos viva una est\u00e9tica y un estilo de vida que nunca pasan de moda.<\/p>\t\t\t\t\t\t\t\t<\/div>\n\t\t\t\t<\/div>\n\t\t\t\t<div class=\"elementor-element elementor-element-de42d56 elementor-mobile-align-center elementor-widget elementor-widget-button\" data-id=\"de42d56\" data-element_type=\"widget\" data-e-type=\"widget\" data-widget_type=\"button.default\">\n\t\t\t\t<div class=\"elementor-widget-container\">\n\t\t\t\t\t\t\t\t\t<div class=\"elementor-button-wrapper\">\n\t\t\t\t\t<a class=\"elementor-button elementor-button-link elementor-size-sm\" href=\"https:\/\/maresmescooterclub.cat\/es\/socios\/\">\n\t\t\t\t\t\t<span class=\"elementor-button-content-wrapper\">\n\t\t\t\t\t\t\t\t\t<span class=\"elementor-button-text\">\u00danete<\/span>\n\t\t\t\t\t<\/span>\n\t\t\t\t\t<\/a>\n\t\t\t\t<\/div>\n\t\t\t\t\t\t\t\t<\/div>\n\t\t\t\t<\/div>\n\t\t\t\t<\/div>\n\t\t<div class=\"elementor-element elementor-element-068b712 e-con-full e-flex e-con e-child\" data-id=\"068b712\" data-element_type=\"container\" data-e-type=\"container\">\n\t\t\t\t<div class=\"elementor-element elementor-element-7d8baf4 elementor-widget elementor-widget-image\" data-id=\"7d8baf4\" data-element_type=\"widget\" data-e-type=\"widget\" data-widget_type=\"image.default\">\n\t\t\t\t<div class=\"elementor-widget-container\">\n\t\t\t\t\t\t\t\t\t\t\t\t\t\t\t<img decoding=\"async\" width=\"800\" height=\"534\" src=\"https:\/\/maresmescooterclub.cat\/wp-content\/uploads\/2025\/06\/Vespeinados-127-scaled-1-1024x683.jpg\" class=\"attachment-large size-large wp-image-404\" alt=\"\" srcset=\"https:\/\/maresmescooterclub.cat\/wp-content\/uploads\/2025\/06\/Vespeinados-127-scaled-1-1024x683.jpg 1024w, https:\/\/maresmescooterclub.cat\/wp-content\/uploads\/2025\/06\/Vespeinados-127-scaled-1-300x200.jpg 300w, https:\/\/maresmescooterclub.cat\/wp-content\/uploads\/2025\/06\/Vespeinados-127-scaled-1-768x512.jpg 768w, https:\/\/maresmescooterclub.cat\/wp-content\/uploads\/2025\/06\/Vespeinados-127-scaled-1-1536x1024.jpg 1536w, https:\/\/maresmescooterclub.cat\/wp-content\/uploads\/2025\/06\/Vespeinados-127-scaled-1-2048x1366.jpg 2048w\" sizes=\"(max-width: 800px) 100vw, 800px\" \/>\t\t\t\t\t\t\t\t\t\t\t\t\t\t\t<\/div>\n\t\t\t\t<\/div>\n\t\t\t\t<\/div>\n\t\t\t\t<\/div>\n\t\t<div class=\"elementor-element elementor-element-63509ce e-con-full e-flex e-con e-parent\" data-id=\"63509ce\" data-element_type=\"container\" data-e-type=\"container\" data-settings=\"{&quot;background_background&quot;:&quot;classic&quot;}\">\n\t\t<div class=\"elementor-element elementor-element-15ea083 e-con-full e-flex e-con e-child\" data-id=\"15ea083\" data-element_type=\"container\" data-e-type=\"container\">\n\t\t\t\t<div class=\"elementor-element elementor-element-26c124a elementor-widget elementor-widget-heading\" data-id=\"26c124a\" data-element_type=\"widget\" data-e-type=\"widget\" data-widget_type=\"heading.default\">\n\t\t\t\t<div class=\"elementor-widget-container\">\n\t\t\t\t\t<h2 class=\"elementor-heading-title elementor-size-default\">Junta Directiva<\/h2>\t\t\t\t<\/div>\n\t\t\t\t<\/div>\n\t\t\t\t<div class=\"elementor-element elementor-element-fbcec59 elementor-widget elementor-widget-text-editor\" data-id=\"fbcec59\" data-element_type=\"widget\" data-e-type=\"widget\" data-widget_type=\"text-editor.default\">\n\t\t\t\t<div class=\"elementor-widget-container\">\n\t\t\t\t\t\t\t\t\t<div class=\"gmail_default\">Amadeu Franquesa<\/div><div class=\"gmail_default\">Esteve Riera<\/div><div class=\"gmail_default\">Victor Amil<\/div><div class=\"gmail_default\">Jordi Santamarta<\/div><div class=\"gmail_default\">Albert Duran<\/div><div class=\"gmail_default\">Xavier Oliv\u00e9<\/div><div class=\"gmail_default\">Oscar Cantero<\/div><div class=\"gmail_default\">Quim Falc\u00f3<\/div><div class=\"gmail_default\">Albert Buxad\u00e9<\/div><div class=\"gmail_default\">Albert Carb\u00f3<\/div><div class=\"gmail_default\">Carlos Plana<\/div>\t\t\t\t\t\t\t\t<\/div>\n\t\t\t\t<\/div>\n\t\t\t\t<\/div>\n\t\t<div class=\"elementor-element elementor-element-9b7ece8 e-con-full e-flex e-con e-child\" data-id=\"9b7ece8\" data-element_type=\"container\" data-e-type=\"container\">\n\t\t\t\t<div class=\"elementor-element elementor-element-88e7cbd elementor-widget elementor-widget-image\" data-id=\"88e7cbd\" data-element_type=\"widget\" data-e-type=\"widget\" data-widget_type=\"image.default\">\n\t\t\t\t<div class=\"elementor-widget-container\">\n\t\t\t\t\t\t\t\t\t\t\t\t\t\t\t<img loading=\"lazy\" decoding=\"async\" width=\"800\" height=\"534\" src=\"https:\/\/maresmescooterclub.cat\/wp-content\/uploads\/2025\/06\/Vespeinados-28-scaled-1-1024x683.jpg\" class=\"attachment-large size-large wp-image-406\" alt=\"\" srcset=\"https:\/\/maresmescooterclub.cat\/wp-content\/uploads\/2025\/06\/Vespeinados-28-scaled-1-1024x683.jpg 1024w, https:\/\/maresmescooterclub.cat\/wp-content\/uploads\/2025\/06\/Vespeinados-28-scaled-1-300x200.jpg 300w, https:\/\/maresmescooterclub.cat\/wp-content\/uploads\/2025\/06\/Vespeinados-28-scaled-1-768x512.jpg 768w, https:\/\/maresmescooterclub.cat\/wp-content\/uploads\/2025\/06\/Vespeinados-28-scaled-1-1536x1024.jpg 1536w, https:\/\/maresmescooterclub.cat\/wp-content\/uploads\/2025\/06\/Vespeinados-28-scaled-1-2048x1366.jpg 2048w\" sizes=\"(max-width: 800px) 100vw, 800px\" \/>\t\t\t\t\t\t\t\t\t\t\t\t\t\t\t<\/div>\n\t\t\t\t<\/div>\n\t\t\t\t<\/div>\n\t\t\t\t<\/div>\n\t\t\t\t<section class=\"elementor-section elementor-top-section elementor-element elementor-element-fced840 elementor-section-content-middle elementor-section-boxed elementor-section-height-default elementor-section-height-default\" data-id=\"fced840\" data-element_type=\"section\" data-e-type=\"section\">\n\t\t\t\t\t\t<div class=\"elementor-container elementor-column-gap-no\">\n\t\t\t\t\t<div class=\"elementor-column elementor-col-100 elementor-top-column elementor-element elementor-element-9cc3082\" data-id=\"9cc3082\" data-element_type=\"column\" data-e-type=\"column\">\n\t\t\t<div class=\"elementor-widget-wrap elementor-element-populated\">\n\t\t\t\t\t\t<div class=\"elementor-element elementor-element-03c262c elementor-widget elementor-widget-heading\" data-id=\"03c262c\" data-element_type=\"widget\" data-e-type=\"widget\" data-widget_type=\"heading.default\">\n\t\t\t\t<div class=\"elementor-widget-container\">\n\t\t\t\t\t<h2 class=\"elementor-heading-title elementor-size-default\">Nuestros patrocinadores<\/h2>\t\t\t\t<\/div>\n\t\t\t\t<\/div>\n\t\t\t\t<section class=\"elementor-section elementor-inner-section elementor-element elementor-element-c0e00cb elementor-section-boxed elementor-section-height-default elementor-section-height-default\" data-id=\"c0e00cb\" data-element_type=\"section\" data-e-type=\"section\">\n\t\t\t\t\t\t<div class=\"elementor-container elementor-column-gap-default\">\n\t\t\t\t\t<div class=\"elementor-column elementor-col-50 elementor-inner-column elementor-element elementor-element-41458f0\" data-id=\"41458f0\" data-element_type=\"column\" data-e-type=\"column\" data-settings=\"{&quot;background_background&quot;:&quot;classic&quot;}\">\n\t\t\t<div class=\"elementor-widget-wrap elementor-element-populated\">\n\t\t\t\t\t\t<div class=\"elementor-element elementor-element-7a0505f elementor-widget elementor-widget-image\" data-id=\"7a0505f\" data-element_type=\"widget\" data-e-type=\"widget\" data-widget_type=\"image.default\">\n\t\t\t\t<div class=\"elementor-widget-container\">\n\t\t\t\t\t\t\t\t\t\t\t\t\t\t\t<img loading=\"lazy\" decoding=\"async\" width=\"326\" height=\"339\" src=\"https:\/\/maresmescooterclub.cat\/wp-content\/uploads\/2025\/06\/logo-bg_white.jpg\" class=\"elementor-animation-grow attachment-large size-large wp-image-408\" alt=\"\" srcset=\"https:\/\/maresmescooterclub.cat\/wp-content\/uploads\/2025\/06\/logo-bg_white.jpg 326w, https:\/\/maresmescooterclub.cat\/wp-content\/uploads\/2025\/06\/logo-bg_white-288x300.jpg 288w\" sizes=\"(max-width: 326px) 100vw, 326px\" \/>\t\t\t\t\t\t\t\t\t\t\t\t\t\t\t<\/div>\n\t\t\t\t<\/div>\n\t\t\t\t\t<\/div>\n\t\t<\/div>\n\t\t\t\t<div class=\"elementor-column elementor-col-50 elementor-inner-column elementor-element elementor-element-439062f\" data-id=\"439062f\" data-element_type=\"column\" data-e-type=\"column\" data-settings=\"{&quot;background_background&quot;:&quot;classic&quot;}\">\n\t\t\t<div class=\"elementor-widget-wrap elementor-element-populated\">\n\t\t\t\t\t\t<div class=\"elementor-element elementor-element-f6ed739 elementor-widget elementor-widget-image\" data-id=\"f6ed739\" data-element_type=\"widget\" data-e-type=\"widget\" data-widget_type=\"image.default\">\n\t\t\t\t<div class=\"elementor-widget-container\">\n\t\t\t\t\t\t\t\t\t\t\t\t\t\t\t<img loading=\"lazy\" decoding=\"async\" width=\"212\" height=\"44\" src=\"https:\/\/maresmescooterclub.cat\/wp-content\/uploads\/2025\/06\/logo_llorella_txt_nobg.png\" class=\"elementor-animation-grow attachment-large size-large wp-image-410\" alt=\"\" \/>\t\t\t\t\t\t\t\t\t\t\t\t\t\t\t<\/div>\n\t\t\t\t<\/div>\n\t\t\t\t\t<\/div>\n\t\t<\/div>\n\t\t\t\t\t<\/div>\n\t\t<\/section>\n\t\t\t\t\t<\/div>\n\t\t<\/div>\n\t\t\t\t\t<\/div>\n\t\t<\/section>\n\t\t\t\t<\/div>\n\t\t","protected":false},"excerpt":{"rendered":"<p>El Club Qui\u00e9nes somos Bienvenidos al Maresme Scooter Club Somos un grupo de apasionados por las Vespas y lambrettes cl\u00e1sicas que recorremos las carreteras del Maresme y m\u00e1s all\u00e1. Nuestro club Nos une el amor por las dos ruedas, la est\u00e9tica retro y el buen ambiente. Si te gustan las salidas, los desayunos de fin [&hellip;]<\/p>\n","protected":false},"author":1,"featured_media":0,"parent":0,"menu_order":0,"comment_status":"closed","ping_status":"closed","template":"","meta":{"footnotes":""},"class_list":["post-417","page","type-page","status-publish","hentry"],"yoast_head":"<!-- This site is optimized with the Yoast SEO plugin v27.1.1 - https:\/\/yoast.com\/product\/yoast-seo-wordpress\/ -->\n<title>El Club - Maresme Scooter Club<\/title>\n<meta name=\"robots\" content=\"index, follow, max-snippet:-1, max-image-preview:large, max-video-preview:-1\" \/>\n<link rel=\"canonical\" href=\"https:\/\/maresmescooterclub.cat\/es\/club\/\" \/>\n<meta property=\"og:locale\" content=\"es_ES\" \/>\n<meta property=\"og:type\" content=\"article\" \/>\n<meta property=\"og:title\" content=\"El Club - Maresme Scooter Club\" \/>\n<meta property=\"og:description\" content=\"El Club Qui\u00e9nes somos Bienvenidos al Maresme Scooter Club Somos un grupo de apasionados por las Vespas y lambrettes cl\u00e1sicas que recorremos las carreteras del Maresme y m\u00e1s all\u00e1. Nuestro club Nos une el amor por las dos ruedas, la est\u00e9tica retro y el buen ambiente. Si te gustan las salidas, los desayunos de fin [&hellip;]\" \/>\n<meta property=\"og:url\" content=\"https:\/\/maresmescooterclub.cat\/es\/club\/\" \/>\n<meta property=\"og:site_name\" content=\"Maresme Scooter Club\" \/>\n<meta property=\"article:modified_time\" content=\"2025-06-13T08:06:49+00:00\" \/>\n<meta property=\"og:image\" content=\"https:\/\/maresmescooterclub.cat\/wp-content\/uploads\/2025\/06\/Vespeinados-164-1-scaled-1.jpg\" \/>\n\t<meta property=\"og:image:width\" content=\"2560\" \/>\n\t<meta property=\"og:image:height\" content=\"1707\" \/>\n\t<meta property=\"og:image:type\" content=\"image\/jpeg\" \/>\n<meta name=\"twitter:card\" content=\"summary_large_image\" \/>\n<meta name=\"twitter:label1\" content=\"Tiempo de lectura\" \/>\n\t<meta name=\"twitter:data1\" content=\"1 minuto\" \/>\n<script type=\"application\/ld+json\" class=\"yoast-schema-graph\">{\"@context\":\"https:\/\/schema.org\",\"@graph\":[{\"@type\":\"WebPage\",\"@id\":\"https:\/\/maresmescooterclub.cat\/es\/club\/\",\"url\":\"https:\/\/maresmescooterclub.cat\/es\/club\/\",\"name\":\"El Club - Maresme Scooter Club\",\"isPartOf\":{\"@id\":\"https:\/\/maresmescooterclub.cat\/es\/#website\"},\"primaryImageOfPage\":{\"@id\":\"https:\/\/maresmescooterclub.cat\/es\/club\/#primaryimage\"},\"image\":{\"@id\":\"https:\/\/maresmescooterclub.cat\/es\/club\/#primaryimage\"},\"thumbnailUrl\":\"https:\/\/maresmescooterclub.cat\/wp-content\/uploads\/2025\/06\/Vespeinados-164-1-scaled-1-1024x683.jpg\",\"datePublished\":\"2025-06-05T21:46:12+00:00\",\"dateModified\":\"2025-06-13T08:06:49+00:00\",\"breadcrumb\":{\"@id\":\"https:\/\/maresmescooterclub.cat\/es\/club\/#breadcrumb\"},\"inLanguage\":\"es\",\"potentialAction\":[{\"@type\":\"ReadAction\",\"target\":[\"https:\/\/maresmescooterclub.cat\/es\/club\/\"]}]},{\"@type\":\"ImageObject\",\"inLanguage\":\"es\",\"@id\":\"https:\/\/maresmescooterclub.cat\/es\/club\/#primaryimage\",\"url\":\"https:\/\/maresmescooterclub.cat\/wp-content\/uploads\/2025\/06\/Vespeinados-164-1-scaled-1-1024x683.jpg\",\"contentUrl\":\"https:\/\/maresmescooterclub.cat\/wp-content\/uploads\/2025\/06\/Vespeinados-164-1-scaled-1-1024x683.jpg\"},{\"@type\":\"BreadcrumbList\",\"@id\":\"https:\/\/maresmescooterclub.cat\/es\/club\/#breadcrumb\",\"itemListElement\":[{\"@type\":\"ListItem\",\"position\":1,\"name\":\"Portada\",\"item\":\"https:\/\/maresmescooterclub.cat\/es\/\"},{\"@type\":\"ListItem\",\"position\":2,\"name\":\"El Club\"}]},{\"@type\":\"WebSite\",\"@id\":\"https:\/\/maresmescooterclub.cat\/es\/#website\",\"url\":\"https:\/\/maresmescooterclub.cat\/es\/\",\"name\":\"Maresme Scooter Club\",\"description\":\"Maresme Scooter Club\",\"publisher\":{\"@id\":\"https:\/\/maresmescooterclub.cat\/es\/#organization\"},\"potentialAction\":[{\"@type\":\"SearchAction\",\"target\":{\"@type\":\"EntryPoint\",\"urlTemplate\":\"https:\/\/maresmescooterclub.cat\/es\/?s={search_term_string}\"},\"query-input\":{\"@type\":\"PropertyValueSpecification\",\"valueRequired\":true,\"valueName\":\"search_term_string\"}}],\"inLanguage\":\"es\"},{\"@type\":\"Organization\",\"@id\":\"https:\/\/maresmescooterclub.cat\/es\/#organization\",\"name\":\"Maresme Scooter Club\",\"url\":\"https:\/\/maresmescooterclub.cat\/es\/\",\"logo\":{\"@type\":\"ImageObject\",\"inLanguage\":\"es\",\"@id\":\"https:\/\/maresmescooterclub.cat\/es\/#\/schema\/logo\/image\/\",\"url\":\"https:\/\/maresmescooterclub.cat\/wp-content\/uploads\/2025\/04\/logo-bg_black.jpg\",\"contentUrl\":\"https:\/\/maresmescooterclub.cat\/wp-content\/uploads\/2025\/04\/logo-bg_black.jpg\",\"width\":319,\"height\":324,\"caption\":\"Maresme Scooter Club\"},\"image\":{\"@id\":\"https:\/\/maresmescooterclub.cat\/es\/#\/schema\/logo\/image\/\"}}]}<\/script>\n<!-- \/ Yoast SEO plugin. -->","yoast_head_json":{"title":"El Club - Maresme Scooter Club","robots":{"index":"index","follow":"follow","max-snippet":"max-snippet:-1","max-image-preview":"max-image-preview:large","max-video-preview":"max-video-preview:-1"},"canonical":"https:\/\/maresmescooterclub.cat\/es\/club\/","og_locale":"es_ES","og_type":"article","og_title":"El Club - Maresme Scooter Club","og_description":"El Club Qui\u00e9nes somos Bienvenidos al Maresme Scooter Club Somos un grupo de apasionados por las Vespas y lambrettes cl\u00e1sicas que recorremos las carreteras del Maresme y m\u00e1s all\u00e1. Nuestro club Nos une el amor por las dos ruedas, la est\u00e9tica retro y el buen ambiente. Si te gustan las salidas, los desayunos de fin [&hellip;]","og_url":"https:\/\/maresmescooterclub.cat\/es\/club\/","og_site_name":"Maresme Scooter Club","article_modified_time":"2025-06-13T08:06:49+00:00","og_image":[{"width":2560,"height":1707,"url":"https:\/\/maresmescooterclub.cat\/wp-content\/uploads\/2025\/06\/Vespeinados-164-1-scaled-1.jpg","type":"image\/jpeg"}],"twitter_card":"summary_large_image","twitter_misc":{"Tiempo de lectura":"1 minuto"},"schema":{"@context":"https:\/\/schema.org","@graph":[{"@type":"WebPage","@id":"https:\/\/maresmescooterclub.cat\/es\/club\/","url":"https:\/\/maresmescooterclub.cat\/es\/club\/","name":"El Club - Maresme Scooter Club","isPartOf":{"@id":"https:\/\/maresmescooterclub.cat\/es\/#website"},"primaryImageOfPage":{"@id":"https:\/\/maresmescooterclub.cat\/es\/club\/#primaryimage"},"image":{"@id":"https:\/\/maresmescooterclub.cat\/es\/club\/#primaryimage"},"thumbnailUrl":"https:\/\/maresmescooterclub.cat\/wp-content\/uploads\/2025\/06\/Vespeinados-164-1-scaled-1-1024x683.jpg","datePublished":"2025-06-05T21:46:12+00:00","dateModified":"2025-06-13T08:06:49+00:00","breadcrumb":{"@id":"https:\/\/maresmescooterclub.cat\/es\/club\/#breadcrumb"},"inLanguage":"es","potentialAction":[{"@type":"ReadAction","target":["https:\/\/maresmescooterclub.cat\/es\/club\/"]}]},{"@type":"ImageObject","inLanguage":"es","@id":"https:\/\/maresmescooterclub.cat\/es\/club\/#primaryimage","url":"https:\/\/maresmescooterclub.cat\/wp-content\/uploads\/2025\/06\/Vespeinados-164-1-scaled-1-1024x683.jpg","contentUrl":"https:\/\/maresmescooterclub.cat\/wp-content\/uploads\/2025\/06\/Vespeinados-164-1-scaled-1-1024x683.jpg"},{"@type":"BreadcrumbList","@id":"https:\/\/maresmescooterclub.cat\/es\/club\/#breadcrumb","itemListElement":[{"@type":"ListItem","position":1,"name":"Portada","item":"https:\/\/maresmescooterclub.cat\/es\/"},{"@type":"ListItem","position":2,"name":"El Club"}]},{"@type":"WebSite","@id":"https:\/\/maresmescooterclub.cat\/es\/#website","url":"https:\/\/maresmescooterclub.cat\/es\/","name":"Maresme Scooter Club","description":"Maresme Scooter Club","publisher":{"@id":"https:\/\/maresmescooterclub.cat\/es\/#organization"},"potentialAction":[{"@type":"SearchAction","target":{"@type":"EntryPoint","urlTemplate":"https:\/\/maresmescooterclub.cat\/es\/?s={search_term_string}"},"query-input":{"@type":"PropertyValueSpecification","valueRequired":true,"valueName":"search_term_string"}}],"inLanguage":"es"},{"@type":"Organization","@id":"https:\/\/maresmescooterclub.cat\/es\/#organization","name":"Maresme Scooter Club","url":"https:\/\/maresmescooterclub.cat\/es\/","logo":{"@type":"ImageObject","inLanguage":"es","@id":"https:\/\/maresmescooterclub.cat\/es\/#\/schema\/logo\/image\/","url":"https:\/\/maresmescooterclub.cat\/wp-content\/uploads\/2025\/04\/logo-bg_black.jpg","contentUrl":"https:\/\/maresmescooterclub.cat\/wp-content\/uploads\/2025\/04\/logo-bg_black.jpg","width":319,"height":324,"caption":"Maresme Scooter Club"},"image":{"@id":"https:\/\/maresmescooterclub.cat\/es\/#\/schema\/logo\/image\/"}}]}},"_links":{"self":[{"href":"https:\/\/maresmescooterclub.cat\/es\/wp-json\/wp\/v2\/pages\/417","targetHints":{"allow":["GET"]}}],"collection":[{"href":"https:\/\/maresmescooterclub.cat\/es\/wp-json\/wp\/v2\/pages"}],"about":[{"href":"https:\/\/maresmescooterclub.cat\/es\/wp-json\/wp\/v2\/types\/page"}],"author":[{"embeddable":true,"href":"https:\/\/maresmescooterclub.cat\/es\/wp-json\/wp\/v2\/users\/1"}],"replies":[{"embeddable":true,"href":"https:\/\/maresmescooterclub.cat\/es\/wp-json\/wp\/v2\/comments?post=417"}],"version-history":[{"count":6,"href":"https:\/\/maresmescooterclub.cat\/es\/wp-json\/wp\/v2\/pages\/417\/revisions"}],"predecessor-version":[{"id":507,"href":"https:\/\/maresmescooterclub.cat\/es\/wp-json\/wp\/v2\/pages\/417\/revisions\/507"}],"wp:attachment":[{"href":"https:\/\/maresmescooterclub.cat\/es\/wp-json\/wp\/v2\/media?parent=417"}],"curies":[{"name":"wp","href":"https:\/\/api.w.org\/{rel}","templated":true}]}}