{"id":395,"date":"2025-06-05T23:46:12","date_gmt":"2025-06-05T21:46:12","guid":{"rendered":"https:\/\/maresmescooterclub.cat\/?page_id=395"},"modified":"2025-06-13T10:09:21","modified_gmt":"2025-06-13T08:09:21","slug":"club","status":"publish","type":"page","link":"https:\/\/maresmescooterclub.cat\/ca\/club\/","title":{"rendered":"El Club"},"content":{"rendered":"\t\t<div data-elementor-type=\"wp-page\" data-elementor-id=\"395\" class=\"elementor elementor-395\">\n\t\t\t\t<div class=\"elementor-element elementor-element-0174123 e-flex e-con-boxed e-con e-parent\" data-id=\"0174123\" data-element_type=\"container\" data-e-type=\"container\" data-settings=\"{&quot;background_background&quot;:&quot;classic&quot;}\">\n\t\t\t\t\t<div class=\"e-con-inner\">\n\t\t\t\t<div class=\"elementor-element elementor-element-cb713f1 elementor-widget elementor-widget-heading\" data-id=\"cb713f1\" data-element_type=\"widget\" data-e-type=\"widget\" data-widget_type=\"heading.default\">\n\t\t\t\t<div class=\"elementor-widget-container\">\n\t\t\t\t\t<h1 class=\"elementor-heading-title elementor-size-default\">El Club<\/h1>\t\t\t\t<\/div>\n\t\t\t\t<\/div>\n\t\t\t\t\t<\/div>\n\t\t\t\t<\/div>\n\t\t<div class=\"elementor-element elementor-element-a05b7ee e-con-full e-flex e-con e-parent\" data-id=\"a05b7ee\" data-element_type=\"container\" data-e-type=\"container\" data-settings=\"{&quot;background_background&quot;:&quot;classic&quot;}\">\n\t\t<div class=\"elementor-element elementor-element-504e81d e-con-full e-flex e-con e-child\" data-id=\"504e81d\" data-element_type=\"container\" data-e-type=\"container\">\n\t\t\t\t<div class=\"elementor-element elementor-element-d642564 elementor-widget elementor-widget-image\" data-id=\"d642564\" data-element_type=\"widget\" data-e-type=\"widget\" data-widget_type=\"image.default\">\n\t\t\t\t<div class=\"elementor-widget-container\">\n\t\t\t\t\t\t\t\t\t\t\t\t\t\t\t<img fetchpriority=\"high\" decoding=\"async\" width=\"800\" height=\"534\" src=\"https:\/\/maresmescooterclub.cat\/wp-content\/uploads\/2025\/06\/Vespeinados-164-1-scaled-1-1024x683.jpg\" class=\"attachment-large size-large wp-image-399\" alt=\"\" srcset=\"https:\/\/maresmescooterclub.cat\/wp-content\/uploads\/2025\/06\/Vespeinados-164-1-scaled-1-1024x683.jpg 1024w, https:\/\/maresmescooterclub.cat\/wp-content\/uploads\/2025\/06\/Vespeinados-164-1-scaled-1-300x200.jpg 300w, https:\/\/maresmescooterclub.cat\/wp-content\/uploads\/2025\/06\/Vespeinados-164-1-scaled-1-768x512.jpg 768w, https:\/\/maresmescooterclub.cat\/wp-content\/uploads\/2025\/06\/Vespeinados-164-1-scaled-1-1536x1024.jpg 1536w, https:\/\/maresmescooterclub.cat\/wp-content\/uploads\/2025\/06\/Vespeinados-164-1-scaled-1-2048x1366.jpg 2048w\" sizes=\"(max-width: 800px) 100vw, 800px\" \/>\t\t\t\t\t\t\t\t\t\t\t\t\t\t\t<\/div>\n\t\t\t\t<\/div>\n\t\t\t\t<\/div>\n\t\t<div class=\"elementor-element elementor-element-a754e24 e-con-full e-flex e-con e-child\" data-id=\"a754e24\" data-element_type=\"container\" data-e-type=\"container\">\n\t\t\t\t<div class=\"elementor-element elementor-element-56cf9c4 elementor-widget elementor-widget-heading\" data-id=\"56cf9c4\" data-element_type=\"widget\" data-e-type=\"widget\" data-widget_type=\"heading.default\">\n\t\t\t\t<div class=\"elementor-widget-container\">\n\t\t\t\t\t<h1 class=\"elementor-heading-title elementor-size-default\">Qui som<\/h1>\t\t\t\t<\/div>\n\t\t\t\t<\/div>\n\t\t\t\t<div class=\"elementor-element elementor-element-fe1e661 elementor-widget elementor-widget-text-editor\" data-id=\"fe1e661\" data-element_type=\"widget\" data-e-type=\"widget\" data-widget_type=\"text-editor.default\">\n\t\t\t\t<div class=\"elementor-widget-container\">\n\t\t\t\t\t\t\t\t\t<p><strong>Benvinguts al Maresme Scooter Club<\/strong><br \/>Som un grup d\u2019apassionats per les Vespas i lambrettes cl\u00e0ssiques que recorrem les carreteres del Maresme i m\u00e9s enll\u00e0.<\/p>\t\t\t\t\t\t\t\t<\/div>\n\t\t\t\t<\/div>\n\t\t\t\t<\/div>\n\t\t\t\t<\/div>\n\t\t<div class=\"elementor-element elementor-element-b8f30cc e-con-full e-flex e-con e-parent\" data-id=\"b8f30cc\" data-element_type=\"container\" data-e-type=\"container\" data-settings=\"{&quot;background_background&quot;:&quot;classic&quot;}\">\n\t\t<div class=\"elementor-element elementor-element-9552901 e-con-full e-flex e-con e-child\" data-id=\"9552901\" data-element_type=\"container\" data-e-type=\"container\">\n\t\t\t\t<div class=\"elementor-element elementor-element-f5a3c5b elementor-widget elementor-widget-heading\" data-id=\"f5a3c5b\" data-element_type=\"widget\" data-e-type=\"widget\" data-widget_type=\"heading.default\">\n\t\t\t\t<div class=\"elementor-widget-container\">\n\t\t\t\t\t<h2 class=\"elementor-heading-title elementor-size-default\">El nostre club<\/h2>\t\t\t\t<\/div>\n\t\t\t\t<\/div>\n\t\t\t\t<div class=\"elementor-element elementor-element-1ecdaaf elementor-widget elementor-widget-text-editor\" data-id=\"1ecdaaf\" data-element_type=\"widget\" data-e-type=\"widget\" data-widget_type=\"text-editor.default\">\n\t\t\t\t<div class=\"elementor-widget-container\">\n\t\t\t\t\t\t\t\t\t<p>Ens uneix l\u00b4amor per les dues rodes, l\u00b4est\u00e8tica retro i el bon ambient. Si t\u2019agraden les sortides, els esmorzars de cap de setmana i les trobades plenes de benzina i somriures\u2026 aquest \u00e9s el teu lloc!<\/p>\t\t\t\t\t\t\t\t<\/div>\n\t\t\t\t<\/div>\n\t\t\t\t<\/div>\n\t\t<div class=\"elementor-element elementor-element-e107901 e-con-full e-flex e-con e-child\" data-id=\"e107901\" data-element_type=\"container\" data-e-type=\"container\">\n\t\t\t\t<div class=\"elementor-element elementor-element-237e7fb elementor-widget elementor-widget-image\" data-id=\"237e7fb\" data-element_type=\"widget\" data-e-type=\"widget\" data-widget_type=\"image.default\">\n\t\t\t\t<div class=\"elementor-widget-container\">\n\t\t\t\t\t\t\t\t\t\t\t\t\t\t\t<img decoding=\"async\" width=\"800\" height=\"534\" src=\"https:\/\/maresmescooterclub.cat\/wp-content\/uploads\/2025\/06\/Vespeinados-195-scaled-1-1024x683.jpg\" class=\"attachment-large size-large wp-image-401\" alt=\"\" srcset=\"https:\/\/maresmescooterclub.cat\/wp-content\/uploads\/2025\/06\/Vespeinados-195-scaled-1-1024x683.jpg 1024w, https:\/\/maresmescooterclub.cat\/wp-content\/uploads\/2025\/06\/Vespeinados-195-scaled-1-300x200.jpg 300w, https:\/\/maresmescooterclub.cat\/wp-content\/uploads\/2025\/06\/Vespeinados-195-scaled-1-768x512.jpg 768w, https:\/\/maresmescooterclub.cat\/wp-content\/uploads\/2025\/06\/Vespeinados-195-scaled-1-1536x1024.jpg 1536w, https:\/\/maresmescooterclub.cat\/wp-content\/uploads\/2025\/06\/Vespeinados-195-scaled-1-2048x1366.jpg 2048w\" sizes=\"(max-width: 800px) 100vw, 800px\" \/>\t\t\t\t\t\t\t\t\t\t\t\t\t\t\t<\/div>\n\t\t\t\t<\/div>\n\t\t\t\t<\/div>\n\t\t\t\t<\/div>\n\t\t<div class=\"elementor-element elementor-element-ea61557 e-con-full e-flex e-con e-parent\" data-id=\"ea61557\" data-element_type=\"container\" data-e-type=\"container\" data-settings=\"{&quot;background_background&quot;:&quot;classic&quot;}\">\n\t\t<div class=\"elementor-element elementor-element-2581cd7 e-con-full e-flex e-con e-child\" data-id=\"2581cd7\" data-element_type=\"container\" data-e-type=\"container\">\n\t\t\t\t<div class=\"elementor-element elementor-element-4ab36d0 elementor-widget elementor-widget-text-editor\" data-id=\"4ab36d0\" data-element_type=\"widget\" data-e-type=\"widget\" data-widget_type=\"text-editor.default\">\n\t\t\t\t<div class=\"elementor-widget-container\">\n\t\t\t\t\t\t\t\t\t<p>Amb base al Maresme, organitzem sortides, participem en trobades i mantenim viva una est\u00e8tica i un estil de vida que no passen mai de moda.<\/p>\t\t\t\t\t\t\t\t<\/div>\n\t\t\t\t<\/div>\n\t\t\t\t<div class=\"elementor-element elementor-element-de42d56 elementor-mobile-align-center elementor-widget elementor-widget-button\" data-id=\"de42d56\" data-element_type=\"widget\" data-e-type=\"widget\" data-widget_type=\"button.default\">\n\t\t\t\t<div class=\"elementor-widget-container\">\n\t\t\t\t\t\t\t\t\t<div class=\"elementor-button-wrapper\">\n\t\t\t\t\t<a class=\"elementor-button elementor-button-link elementor-size-sm\" href=\"https:\/\/maresmescooterclub.cat\/ca\/fest-te-soci\/\">\n\t\t\t\t\t\t<span class=\"elementor-button-content-wrapper\">\n\t\t\t\t\t\t\t\t\t<span class=\"elementor-button-text\">Uneix-te<\/span>\n\t\t\t\t\t<\/span>\n\t\t\t\t\t<\/a>\n\t\t\t\t<\/div>\n\t\t\t\t\t\t\t\t<\/div>\n\t\t\t\t<\/div>\n\t\t\t\t<\/div>\n\t\t<div class=\"elementor-element elementor-element-068b712 e-con-full e-flex e-con e-child\" data-id=\"068b712\" data-element_type=\"container\" data-e-type=\"container\">\n\t\t\t\t<div class=\"elementor-element elementor-element-7d8baf4 elementor-widget elementor-widget-image\" data-id=\"7d8baf4\" data-element_type=\"widget\" data-e-type=\"widget\" data-widget_type=\"image.default\">\n\t\t\t\t<div class=\"elementor-widget-container\">\n\t\t\t\t\t\t\t\t\t\t\t\t\t\t\t<img decoding=\"async\" width=\"800\" height=\"534\" src=\"https:\/\/maresmescooterclub.cat\/wp-content\/uploads\/2025\/06\/Vespeinados-127-scaled-1-1024x683.jpg\" class=\"attachment-large size-large wp-image-403\" alt=\"\" srcset=\"https:\/\/maresmescooterclub.cat\/wp-content\/uploads\/2025\/06\/Vespeinados-127-scaled-1-1024x683.jpg 1024w, https:\/\/maresmescooterclub.cat\/wp-content\/uploads\/2025\/06\/Vespeinados-127-scaled-1-300x200.jpg 300w, https:\/\/maresmescooterclub.cat\/wp-content\/uploads\/2025\/06\/Vespeinados-127-scaled-1-768x512.jpg 768w, https:\/\/maresmescooterclub.cat\/wp-content\/uploads\/2025\/06\/Vespeinados-127-scaled-1-1536x1024.jpg 1536w, https:\/\/maresmescooterclub.cat\/wp-content\/uploads\/2025\/06\/Vespeinados-127-scaled-1-2048x1366.jpg 2048w\" sizes=\"(max-width: 800px) 100vw, 800px\" \/>\t\t\t\t\t\t\t\t\t\t\t\t\t\t\t<\/div>\n\t\t\t\t<\/div>\n\t\t\t\t<\/div>\n\t\t\t\t<\/div>\n\t\t<div class=\"elementor-element elementor-element-63509ce e-con-full e-flex e-con e-parent\" data-id=\"63509ce\" data-element_type=\"container\" data-e-type=\"container\" data-settings=\"{&quot;background_background&quot;:&quot;classic&quot;}\">\n\t\t<div class=\"elementor-element elementor-element-15ea083 e-con-full e-flex e-con e-child\" data-id=\"15ea083\" data-element_type=\"container\" data-e-type=\"container\">\n\t\t\t\t<div class=\"elementor-element elementor-element-26c124a elementor-widget elementor-widget-heading\" data-id=\"26c124a\" data-element_type=\"widget\" data-e-type=\"widget\" data-widget_type=\"heading.default\">\n\t\t\t\t<div class=\"elementor-widget-container\">\n\t\t\t\t\t<h2 class=\"elementor-heading-title elementor-size-default\">Junta Directiva\u200b<\/h2>\t\t\t\t<\/div>\n\t\t\t\t<\/div>\n\t\t\t\t<div class=\"elementor-element elementor-element-fbcec59 elementor-widget elementor-widget-text-editor\" data-id=\"fbcec59\" data-element_type=\"widget\" data-e-type=\"widget\" data-widget_type=\"text-editor.default\">\n\t\t\t\t<div class=\"elementor-widget-container\">\n\t\t\t\t\t\t\t\t\t<div class=\"gmail_default\">Amadeu Franquesa<\/div><div class=\"gmail_default\">Esteve Riera<\/div><div class=\"gmail_default\">Victor Amil<\/div><div class=\"gmail_default\">Jordi Santamarta<\/div><div class=\"gmail_default\">Albert Duran<\/div><div class=\"gmail_default\">Xavier Oliver<\/div><div class=\"gmail_default\">Oscar Cantero<\/div><div class=\"gmail_default\">Quim Falc\u00f3<\/div><div class=\"gmail_default\">Albert Buxad\u00e9<\/div><div class=\"gmail_default\">Albert Carb\u00f3<\/div><div class=\"gmail_default\">Carles Plana<\/div>\t\t\t\t\t\t\t\t<\/div>\n\t\t\t\t<\/div>\n\t\t\t\t<\/div>\n\t\t<div class=\"elementor-element elementor-element-9b7ece8 e-con-full e-flex e-con e-child\" data-id=\"9b7ece8\" data-element_type=\"container\" data-e-type=\"container\">\n\t\t\t\t<div class=\"elementor-element elementor-element-88e7cbd elementor-widget elementor-widget-image\" data-id=\"88e7cbd\" data-element_type=\"widget\" data-e-type=\"widget\" data-widget_type=\"image.default\">\n\t\t\t\t<div class=\"elementor-widget-container\">\n\t\t\t\t\t\t\t\t\t\t\t\t\t\t\t<img loading=\"lazy\" decoding=\"async\" width=\"800\" height=\"534\" src=\"https:\/\/maresmescooterclub.cat\/wp-content\/uploads\/2025\/06\/Vespeinados-28-scaled-1-1024x683.jpg\" class=\"attachment-large size-large wp-image-405\" alt=\"\" srcset=\"https:\/\/maresmescooterclub.cat\/wp-content\/uploads\/2025\/06\/Vespeinados-28-scaled-1-1024x683.jpg 1024w, https:\/\/maresmescooterclub.cat\/wp-content\/uploads\/2025\/06\/Vespeinados-28-scaled-1-300x200.jpg 300w, https:\/\/maresmescooterclub.cat\/wp-content\/uploads\/2025\/06\/Vespeinados-28-scaled-1-768x512.jpg 768w, https:\/\/maresmescooterclub.cat\/wp-content\/uploads\/2025\/06\/Vespeinados-28-scaled-1-1536x1024.jpg 1536w, https:\/\/maresmescooterclub.cat\/wp-content\/uploads\/2025\/06\/Vespeinados-28-scaled-1-2048x1366.jpg 2048w\" sizes=\"(max-width: 800px) 100vw, 800px\" \/>\t\t\t\t\t\t\t\t\t\t\t\t\t\t\t<\/div>\n\t\t\t\t<\/div>\n\t\t\t\t<\/div>\n\t\t\t\t<\/div>\n\t\t\t\t<section class=\"elementor-section elementor-top-section elementor-element elementor-element-fced840 elementor-section-content-middle elementor-section-boxed elementor-section-height-default elementor-section-height-default\" data-id=\"fced840\" data-element_type=\"section\" data-e-type=\"section\">\n\t\t\t\t\t\t<div class=\"elementor-container elementor-column-gap-no\">\n\t\t\t\t\t<div class=\"elementor-column elementor-col-100 elementor-top-column elementor-element elementor-element-9cc3082\" data-id=\"9cc3082\" data-element_type=\"column\" data-e-type=\"column\">\n\t\t\t<div class=\"elementor-widget-wrap elementor-element-populated\">\n\t\t\t\t\t\t<div class=\"elementor-element elementor-element-03c262c elementor-widget elementor-widget-heading\" data-id=\"03c262c\" data-element_type=\"widget\" data-e-type=\"widget\" data-widget_type=\"heading.default\">\n\t\t\t\t<div class=\"elementor-widget-container\">\n\t\t\t\t\t<h2 class=\"elementor-heading-title elementor-size-default\">Els nostres patrocinadors<\/h2>\t\t\t\t<\/div>\n\t\t\t\t<\/div>\n\t\t\t\t<section class=\"elementor-section elementor-inner-section elementor-element elementor-element-c0e00cb elementor-section-boxed elementor-section-height-default elementor-section-height-default\" data-id=\"c0e00cb\" data-element_type=\"section\" data-e-type=\"section\">\n\t\t\t\t\t\t<div class=\"elementor-container elementor-column-gap-default\">\n\t\t\t\t\t<div class=\"elementor-column elementor-col-50 elementor-inner-column elementor-element elementor-element-41458f0\" data-id=\"41458f0\" data-element_type=\"column\" data-e-type=\"column\" data-settings=\"{&quot;background_background&quot;:&quot;classic&quot;}\">\n\t\t\t<div class=\"elementor-widget-wrap elementor-element-populated\">\n\t\t\t\t\t\t<div class=\"elementor-element elementor-element-7a0505f elementor-widget elementor-widget-image\" data-id=\"7a0505f\" data-element_type=\"widget\" data-e-type=\"widget\" data-widget_type=\"image.default\">\n\t\t\t\t<div class=\"elementor-widget-container\">\n\t\t\t\t\t\t\t\t\t\t\t\t\t\t\t<img loading=\"lazy\" decoding=\"async\" width=\"326\" height=\"339\" src=\"https:\/\/maresmescooterclub.cat\/wp-content\/uploads\/2025\/06\/logo-bg_white.jpg\" class=\"elementor-animation-grow attachment-large size-large wp-image-407\" alt=\"\" srcset=\"https:\/\/maresmescooterclub.cat\/wp-content\/uploads\/2025\/06\/logo-bg_white.jpg 326w, https:\/\/maresmescooterclub.cat\/wp-content\/uploads\/2025\/06\/logo-bg_white-288x300.jpg 288w\" sizes=\"(max-width: 326px) 100vw, 326px\" \/>\t\t\t\t\t\t\t\t\t\t\t\t\t\t\t<\/div>\n\t\t\t\t<\/div>\n\t\t\t\t\t<\/div>\n\t\t<\/div>\n\t\t\t\t<div class=\"elementor-column elementor-col-50 elementor-inner-column elementor-element elementor-element-439062f\" data-id=\"439062f\" data-element_type=\"column\" data-e-type=\"column\" data-settings=\"{&quot;background_background&quot;:&quot;classic&quot;}\">\n\t\t\t<div class=\"elementor-widget-wrap elementor-element-populated\">\n\t\t\t\t\t\t<div class=\"elementor-element elementor-element-f6ed739 elementor-widget elementor-widget-image\" data-id=\"f6ed739\" data-element_type=\"widget\" data-e-type=\"widget\" data-widget_type=\"image.default\">\n\t\t\t\t<div class=\"elementor-widget-container\">\n\t\t\t\t\t\t\t\t\t\t\t\t\t\t\t<img loading=\"lazy\" decoding=\"async\" width=\"212\" height=\"44\" src=\"https:\/\/maresmescooterclub.cat\/wp-content\/uploads\/2025\/06\/logo_llorella_txt_nobg.png\" class=\"elementor-animation-grow attachment-large size-large wp-image-409\" alt=\"\" \/>\t\t\t\t\t\t\t\t\t\t\t\t\t\t\t<\/div>\n\t\t\t\t<\/div>\n\t\t\t\t\t<\/div>\n\t\t<\/div>\n\t\t\t\t\t<\/div>\n\t\t<\/section>\n\t\t\t\t\t<\/div>\n\t\t<\/div>\n\t\t\t\t\t<\/div>\n\t\t<\/section>\n\t\t\t\t<\/div>\n\t\t","protected":false},"excerpt":{"rendered":"<p>El Club Qui som Benvinguts al Maresme Scooter ClubSom un grup d\u2019apassionats per les Vespas i lambrettes cl\u00e0ssiques que recorrem les carreteres del Maresme i m\u00e9s enll\u00e0. El nostre club Ens uneix l\u00b4amor per les dues rodes, l\u00b4est\u00e8tica retro i el bon ambient. Si t\u2019agraden les sortides, els esmorzars de cap de setmana i les [&hellip;]<\/p>\n","protected":false},"author":1,"featured_media":0,"parent":0,"menu_order":0,"comment_status":"closed","ping_status":"closed","template":"","meta":{"footnotes":""},"class_list":["post-395","page","type-page","status-publish","hentry"],"yoast_head":"<!-- This site is optimized with the Yoast SEO plugin v27.1.1 - https:\/\/yoast.com\/product\/yoast-seo-wordpress\/ -->\n<title>El Club - Maresme Scooter Club<\/title>\n<meta name=\"robots\" content=\"index, follow, max-snippet:-1, max-image-preview:large, max-video-preview:-1\" \/>\n<link rel=\"canonical\" href=\"https:\/\/maresmescooterclub.cat\/ca\/club\/\" \/>\n<meta property=\"og:locale\" content=\"ca_ES\" \/>\n<meta property=\"og:type\" content=\"article\" \/>\n<meta property=\"og:title\" content=\"El Club - Maresme Scooter Club\" \/>\n<meta property=\"og:description\" content=\"El Club Qui som Benvinguts al Maresme Scooter ClubSom un grup d\u2019apassionats per les Vespas i lambrettes cl\u00e0ssiques que recorrem les carreteres del Maresme i m\u00e9s enll\u00e0. El nostre club Ens uneix l\u00b4amor per les dues rodes, l\u00b4est\u00e8tica retro i el bon ambient. Si t\u2019agraden les sortides, els esmorzars de cap de setmana i les [&hellip;]\" \/>\n<meta property=\"og:url\" content=\"https:\/\/maresmescooterclub.cat\/ca\/club\/\" \/>\n<meta property=\"og:site_name\" content=\"Maresme Scooter Club\" \/>\n<meta property=\"article:modified_time\" content=\"2025-06-13T08:09:21+00:00\" \/>\n<meta property=\"og:image\" content=\"https:\/\/maresmescooterclub.cat\/wp-content\/uploads\/2025\/06\/Vespeinados-164-1-scaled-1.jpg\" \/>\n\t<meta property=\"og:image:width\" content=\"2560\" \/>\n\t<meta property=\"og:image:height\" content=\"1707\" \/>\n\t<meta property=\"og:image:type\" content=\"image\/jpeg\" \/>\n<meta name=\"twitter:card\" content=\"summary_large_image\" \/>\n<meta name=\"twitter:label1\" content=\"Temps estimat de lectura\" \/>\n\t<meta name=\"twitter:data1\" content=\"2 minuts\" \/>\n<script type=\"application\/ld+json\" class=\"yoast-schema-graph\">{\"@context\":\"https:\/\/schema.org\",\"@graph\":[{\"@type\":\"WebPage\",\"@id\":\"https:\/\/maresmescooterclub.cat\/ca\/club\/\",\"url\":\"https:\/\/maresmescooterclub.cat\/ca\/club\/\",\"name\":\"El Club - Maresme Scooter Club\",\"isPartOf\":{\"@id\":\"https:\/\/maresmescooterclub.cat\/ca\/#website\"},\"primaryImageOfPage\":{\"@id\":\"https:\/\/maresmescooterclub.cat\/ca\/club\/#primaryimage\"},\"image\":{\"@id\":\"https:\/\/maresmescooterclub.cat\/ca\/club\/#primaryimage\"},\"thumbnailUrl\":\"https:\/\/maresmescooterclub.cat\/wp-content\/uploads\/2025\/06\/Vespeinados-164-1-scaled-1-1024x683.jpg\",\"datePublished\":\"2025-06-05T21:46:12+00:00\",\"dateModified\":\"2025-06-13T08:09:21+00:00\",\"breadcrumb\":{\"@id\":\"https:\/\/maresmescooterclub.cat\/ca\/club\/#breadcrumb\"},\"inLanguage\":\"ca\",\"potentialAction\":[{\"@type\":\"ReadAction\",\"target\":[\"https:\/\/maresmescooterclub.cat\/ca\/club\/\"]}]},{\"@type\":\"ImageObject\",\"inLanguage\":\"ca\",\"@id\":\"https:\/\/maresmescooterclub.cat\/ca\/club\/#primaryimage\",\"url\":\"https:\/\/maresmescooterclub.cat\/wp-content\/uploads\/2025\/06\/Vespeinados-164-1-scaled-1-1024x683.jpg\",\"contentUrl\":\"https:\/\/maresmescooterclub.cat\/wp-content\/uploads\/2025\/06\/Vespeinados-164-1-scaled-1-1024x683.jpg\"},{\"@type\":\"BreadcrumbList\",\"@id\":\"https:\/\/maresmescooterclub.cat\/ca\/club\/#breadcrumb\",\"itemListElement\":[{\"@type\":\"ListItem\",\"position\":1,\"name\":\"Portada\",\"item\":\"https:\/\/maresmescooterclub.cat\/ca\/\"},{\"@type\":\"ListItem\",\"position\":2,\"name\":\"El Club\"}]},{\"@type\":\"WebSite\",\"@id\":\"https:\/\/maresmescooterclub.cat\/ca\/#website\",\"url\":\"https:\/\/maresmescooterclub.cat\/ca\/\",\"name\":\"Maresme Scooter Club\",\"description\":\"Maresme Scooter Club\",\"publisher\":{\"@id\":\"https:\/\/maresmescooterclub.cat\/ca\/#organization\"},\"potentialAction\":[{\"@type\":\"SearchAction\",\"target\":{\"@type\":\"EntryPoint\",\"urlTemplate\":\"https:\/\/maresmescooterclub.cat\/ca\/?s={search_term_string}\"},\"query-input\":{\"@type\":\"PropertyValueSpecification\",\"valueRequired\":true,\"valueName\":\"search_term_string\"}}],\"inLanguage\":\"ca\"},{\"@type\":\"Organization\",\"@id\":\"https:\/\/maresmescooterclub.cat\/ca\/#organization\",\"name\":\"Maresme Scooter Club\",\"url\":\"https:\/\/maresmescooterclub.cat\/ca\/\",\"logo\":{\"@type\":\"ImageObject\",\"inLanguage\":\"ca\",\"@id\":\"https:\/\/maresmescooterclub.cat\/ca\/#\/schema\/logo\/image\/\",\"url\":\"https:\/\/maresmescooterclub.cat\/wp-content\/uploads\/2025\/04\/logo-bg_black.jpg\",\"contentUrl\":\"https:\/\/maresmescooterclub.cat\/wp-content\/uploads\/2025\/04\/logo-bg_black.jpg\",\"width\":319,\"height\":324,\"caption\":\"Maresme Scooter Club\"},\"image\":{\"@id\":\"https:\/\/maresmescooterclub.cat\/ca\/#\/schema\/logo\/image\/\"}}]}<\/script>\n<!-- \/ Yoast SEO plugin. -->","yoast_head_json":{"title":"El Club - Maresme Scooter Club","robots":{"index":"index","follow":"follow","max-snippet":"max-snippet:-1","max-image-preview":"max-image-preview:large","max-video-preview":"max-video-preview:-1"},"canonical":"https:\/\/maresmescooterclub.cat\/ca\/club\/","og_locale":"ca_ES","og_type":"article","og_title":"El Club - Maresme Scooter Club","og_description":"El Club Qui som Benvinguts al Maresme Scooter ClubSom un grup d\u2019apassionats per les Vespas i lambrettes cl\u00e0ssiques que recorrem les carreteres del Maresme i m\u00e9s enll\u00e0. El nostre club Ens uneix l\u00b4amor per les dues rodes, l\u00b4est\u00e8tica retro i el bon ambient. Si t\u2019agraden les sortides, els esmorzars de cap de setmana i les [&hellip;]","og_url":"https:\/\/maresmescooterclub.cat\/ca\/club\/","og_site_name":"Maresme Scooter Club","article_modified_time":"2025-06-13T08:09:21+00:00","og_image":[{"width":2560,"height":1707,"url":"https:\/\/maresmescooterclub.cat\/wp-content\/uploads\/2025\/06\/Vespeinados-164-1-scaled-1.jpg","type":"image\/jpeg"}],"twitter_card":"summary_large_image","twitter_misc":{"Temps estimat de lectura":"2 minuts"},"schema":{"@context":"https:\/\/schema.org","@graph":[{"@type":"WebPage","@id":"https:\/\/maresmescooterclub.cat\/ca\/club\/","url":"https:\/\/maresmescooterclub.cat\/ca\/club\/","name":"El Club - Maresme Scooter Club","isPartOf":{"@id":"https:\/\/maresmescooterclub.cat\/ca\/#website"},"primaryImageOfPage":{"@id":"https:\/\/maresmescooterclub.cat\/ca\/club\/#primaryimage"},"image":{"@id":"https:\/\/maresmescooterclub.cat\/ca\/club\/#primaryimage"},"thumbnailUrl":"https:\/\/maresmescooterclub.cat\/wp-content\/uploads\/2025\/06\/Vespeinados-164-1-scaled-1-1024x683.jpg","datePublished":"2025-06-05T21:46:12+00:00","dateModified":"2025-06-13T08:09:21+00:00","breadcrumb":{"@id":"https:\/\/maresmescooterclub.cat\/ca\/club\/#breadcrumb"},"inLanguage":"ca","potentialAction":[{"@type":"ReadAction","target":["https:\/\/maresmescooterclub.cat\/ca\/club\/"]}]},{"@type":"ImageObject","inLanguage":"ca","@id":"https:\/\/maresmescooterclub.cat\/ca\/club\/#primaryimage","url":"https:\/\/maresmescooterclub.cat\/wp-content\/uploads\/2025\/06\/Vespeinados-164-1-scaled-1-1024x683.jpg","contentUrl":"https:\/\/maresmescooterclub.cat\/wp-content\/uploads\/2025\/06\/Vespeinados-164-1-scaled-1-1024x683.jpg"},{"@type":"BreadcrumbList","@id":"https:\/\/maresmescooterclub.cat\/ca\/club\/#breadcrumb","itemListElement":[{"@type":"ListItem","position":1,"name":"Portada","item":"https:\/\/maresmescooterclub.cat\/ca\/"},{"@type":"ListItem","position":2,"name":"El Club"}]},{"@type":"WebSite","@id":"https:\/\/maresmescooterclub.cat\/ca\/#website","url":"https:\/\/maresmescooterclub.cat\/ca\/","name":"Maresme Scooter Club","description":"Maresme Scooter Club","publisher":{"@id":"https:\/\/maresmescooterclub.cat\/ca\/#organization"},"potentialAction":[{"@type":"SearchAction","target":{"@type":"EntryPoint","urlTemplate":"https:\/\/maresmescooterclub.cat\/ca\/?s={search_term_string}"},"query-input":{"@type":"PropertyValueSpecification","valueRequired":true,"valueName":"search_term_string"}}],"inLanguage":"ca"},{"@type":"Organization","@id":"https:\/\/maresmescooterclub.cat\/ca\/#organization","name":"Maresme Scooter Club","url":"https:\/\/maresmescooterclub.cat\/ca\/","logo":{"@type":"ImageObject","inLanguage":"ca","@id":"https:\/\/maresmescooterclub.cat\/ca\/#\/schema\/logo\/image\/","url":"https:\/\/maresmescooterclub.cat\/wp-content\/uploads\/2025\/04\/logo-bg_black.jpg","contentUrl":"https:\/\/maresmescooterclub.cat\/wp-content\/uploads\/2025\/04\/logo-bg_black.jpg","width":319,"height":324,"caption":"Maresme Scooter Club"},"image":{"@id":"https:\/\/maresmescooterclub.cat\/ca\/#\/schema\/logo\/image\/"}}]}},"_links":{"self":[{"href":"https:\/\/maresmescooterclub.cat\/ca\/wp-json\/wp\/v2\/pages\/395","targetHints":{"allow":["GET"]}}],"collection":[{"href":"https:\/\/maresmescooterclub.cat\/ca\/wp-json\/wp\/v2\/pages"}],"about":[{"href":"https:\/\/maresmescooterclub.cat\/ca\/wp-json\/wp\/v2\/types\/page"}],"author":[{"embeddable":true,"href":"https:\/\/maresmescooterclub.cat\/ca\/wp-json\/wp\/v2\/users\/1"}],"replies":[{"embeddable":true,"href":"https:\/\/maresmescooterclub.cat\/ca\/wp-json\/wp\/v2\/comments?post=395"}],"version-history":[{"count":14,"href":"https:\/\/maresmescooterclub.cat\/ca\/wp-json\/wp\/v2\/pages\/395\/revisions"}],"predecessor-version":[{"id":510,"href":"https:\/\/maresmescooterclub.cat\/ca\/wp-json\/wp\/v2\/pages\/395\/revisions\/510"}],"wp:attachment":[{"href":"https:\/\/maresmescooterclub.cat\/ca\/wp-json\/wp\/v2\/media?parent=395"}],"curies":[{"name":"wp","href":"https:\/\/api.w.org\/{rel}","templated":true}]}}